{"id":1223,"date":"2021-05-05T11:51:39","date_gmt":"2021-05-05T09:51:39","guid":{"rendered":"https:\/\/raabtransport.se\/?page_id=1223"},"modified":"2023-03-21T14:45:14","modified_gmt":"2023-03-21T13:45:14","slug":"elementor-1223","status":"publish","type":"page","link":"https:\/\/raabtransport.se\/?page_id=1223","title":{"rendered":"Tevor ZP30"},"content":{"rendered":"\t\t<div data-elementor-type=\"wp-page\" data-elementor-id=\"1223\" class=\"elementor elementor-1223\">\n\t\t\t\t\t\t<section class=\"elementor-section elementor-top-section elementor-element elementor-element-386d936 elementor-section-boxed elementor-section-height-default elementor-section-height-default\" data-id=\"386d936\" data-element_type=\"section\">\n\t\t\t\t\t\t<div class=\"elementor-container elementor-column-gap-default\">\n\t\t\t\t\t<div class=\"elementor-column elementor-col-100 elementor-top-column elementor-element elementor-element-1f0010e\" data-id=\"1f0010e\" data-element_type=\"column\">\n\t\t\t<div class=\"elementor-widget-wrap elementor-element-populated\">\n\t\t\t\t\t\t<div class=\"elementor-element elementor-element-852faf4 elementor-widget elementor-widget-text-editor\" data-id=\"852faf4\" data-element_type=\"widget\" data-widget_type=\"text-editor.default\">\n\t\t\t\t<div class=\"elementor-widget-container\">\n\t\t\t\t\t\t\t\t\t<header id=\"site-title\" class=\"page-title-section\">\n<div class=\"page-header aux-wrapper aux-auto-height aux-boxed-container aux-left aux-top aux-dark aux-arrow-none\">\n<div class=\"aux-container\">\n<div class=\"aux-page-title-entry\">\n<div class=\"aux-page-title-box\">\n<section class=\"page-title-group\"><h1 class=\"page-title\">Tevor ZP30<\/h1>\n<\/section>\n<\/div>\n<\/div>\n<\/div>\n<\/div>\n<\/header>\n<p><\/p><main id=\"main\" class=\"aux-main aux-territory aux-single aux-page aux-full-container no-sidebar aux-sidebar-style-border aux-user-entry\"><p><\/p>\n<div class=\"aux-wrapper\">\n<div class=\"aux-container aux-fold\">\n<div id=\"primary\" class=\"aux-primary\">\n<div class=\"content\" role=\"main\">\n<article id=\"post-418\" class=\"post-418 page type-page status-publish hentry\">\n<div class=\"entry-main\">\n<div class=\"entry-content\">\n<div class=\"elementor elementor-418\" data-elementor-type=\"wp-page\" data-elementor-id=\"418\" data-elementor-settings=\"[]\">\n<div class=\"elementor-inner\">\n<div class=\"elementor-section-wrap\">\n<section class=\"elementor-section elementor-top-section elementor-element elementor-element-122932b elementor-section-boxed elementor-section-height-default elementor-section-height-default\" data-id=\"122932b\" data-element_type=\"section\">\n<div class=\"elementor-container elementor-column-gap-default\">\n<div class=\"elementor-row\">\n<div class=\"elementor-column elementor-col-100 elementor-top-column elementor-element elementor-element-b654b05\" data-id=\"b654b05\" data-element_type=\"column\">\n<div class=\"elementor-column-wrap elementor-element-populated\">\n<div class=\"elementor-widget-wrap\">\n<div class=\"elementor-element elementor-element-867e9e4 elementor-widget elementor-widget-text-editor\" data-id=\"867e9e4\" data-element_type=\"widget\" data-widget_type=\"text-editor.default\">\n<div class=\"elementor-widget-container\">\n<div class=\"elementor-text-editor elementor-clearfix\">\n<p>10-12 Tons chassi med Tevor ZP 30 Svensk standardbyggnation<\/p>\n<p>Flak:<\/p>\n<p>Flaket galvat ca 6150\u00d72400, har avskurna h\u00f6rn och djup spoilerficka samt rostfriakasskydd, samt 2 rullar i bakkant, hydrauliskt avskjutbart<\/p>\n<p>Galvad hj\u00e4lpram och tippram med Glidskenor.<\/p>\n<p>Med utbytbara kantlinor, Aluminiumprofiler p\u00e5 flakkant som skydd.<\/p>\n<p>Flaket \u00e4r utrustat med 3 st h\u00e5l i bakkant f\u00f6r brytrulle samt 2 st i mitten p\u00e5 flaket<\/p>\n<p>Targa:<\/p>\n<p>H\u00f6gtarga med t\u00e4ckt framstam, bakljus, blinkers samt bromsljus monterade i targab\u00e5gen.<\/p>\n<p>Targan har handtag p\u00e5 b\u00e5da sidor, samt sk\u00e5p p\u00e5 b\u00e5da insidorna.<\/p>\n<p>Targan har \u00e4ven en hylla.<\/p>\n<p>Bom:<\/p>\n<p>Galvad lyftbom wy 1800 med enkelt utskjut v\u00e4ndbar grill Ca:1800 Kg l\u00e4ngst in.<\/p>\n<p>Bommen har \u00e4ven 50 mm kula demonterbart besiktigat 3500kg<\/p>\n<p>St\u00f6dben:<\/p>\n<p>Hydrauliska st\u00f6dben monterade i chassi ramen samt att det sitter st\u00f6df\u00f6tter i underliften<\/p>\n<p>Sidor\/ Sk\u00e5p:<\/p>\n<p>Sidor i aluminium. 4st Bawer Rostfriask\u00e5p inkl man\u00f6versk\u00e5p.<\/p>\n<p>4 st 800*500*500mm<\/p>\n<p>Vinschar:<\/p>\n<p>Ramvinsch, 4.2 ton Ramsey med luftfrisl\u00e4pp och vajer.<\/p>\n<p>Flakvinsch, 3.5 ton Ramsey med luftfrisl\u00e4pp<\/p>\n<p>Monterad p\u00e5 hydraulisk slide f\u00f6r sidof\u00f6rskjutning vajer.<\/p>\n<p>P\u00e5 sliden sitter det en 50mm dragkula.<\/p>\n<p>Belysning:<\/p>\n<p>Varnings ljusramp p\u00e5 targa 1500mm led<\/p>\n<p>Arbetsljus 6 st LED monterade p\u00e5 framstam<\/p>\n<p>Backljus 2st LED monterade bak underflak<\/p>\n<p>Sido pos ljus LED<\/p>\n<p>Runda LED lampor i targan 3+3<\/p>\n<p>Runda LED lampor&nbsp; bak 3+3<\/p>\n<p>8 st blixtljus 2 st i fronten 2st bak\u00e5t 1 p\u00e5 varjesida<\/p>\n<p>Belysning i sk\u00e5pen<\/p>\n<p>LED Ljusstavar runt targan 9st<\/p>\n<p>Hydraulik:<\/p>\n<p>Brevini \/ Walwe hydraulik<\/p>\n<p>Hydrauliska skottgenomf\u00f6ringar i man\u00f6versk\u00e5p<\/p>\n<p>Pump monterad p\u00e5 v\u00e4xell\u00e5dan<\/p>\n<p>Radiostyrning:<\/p>\n<p>14 kanals Teleradio fj\u00e4rrstyrning vinsch 1 &amp; 2 ut\/in, slide v\u00e4nster\/h\u00f6ger, flak upp\/ner, flak ut\/in, bom upp\/ner, ut\/in. Med varvtalsf\u00f6rh\u00f6jning.<\/p>\n<p>Lackering:<\/p>\n<p>Hela byggnationen \u00e4r lackerad med klarlack<\/p>\n<p>\u00d6vrigt:<\/p>\n<p>Flaket utrustat med elektriskt avst\u00e4ngningsbart flytl\u00e4ge.<\/p>\n<p>Slangvinda med 12 meter slang f\u00f6r tryckluft<\/p>\n<p>Skyffel och borste<\/p>\n<p>12\/24 volts startkablar 6 meter med inkoppling med Natokoppling<\/p>\n<p>Hjulstoppar Special med l\u00e5sning<\/p>\n<p>6 st sp\u00e4nnband med sp\u00e4nnare.<\/p>\n<\/div>\n<\/div>\n<\/div>\n<\/div>\n<\/div>\n<\/div>\n<\/div>\n<\/div>\n<\/section>\n<\/div>\n<\/div>\n<\/div>\n<\/div>\n<\/div>\n<\/article>\n<\/div>\n<\/div>\n<\/div>\n<\/div>\n<p><\/p><\/main><p><\/p>\t\t\t\t\t\t\t\t<\/div>\n\t\t\t\t<\/div>\n\t\t\t\t<div class=\"elementor-element elementor-element-17d3673 elementor-widget elementor-widget-image-gallery\" data-id=\"17d3673\" data-element_type=\"widget\" data-widget_type=\"image-gallery.default\">\n\t\t\t\t<div class=\"elementor-widget-container\">\n\t\t\t\t\t\t\t<div class=\"elementor-image-gallery\">\n\t\t\t<div id='gallery-1' class='gallery galleryid-1223 gallery-columns-5 gallery-size-medium'><figure class='gallery-item'>\n\t\t\t<div class='gallery-icon landscape'>\n\t\t\t\t<a data-elementor-open-lightbox=\"yes\" data-elementor-lightbox-slideshow=\"17d3673\" data-elementor-lightbox-title=\"mb2\" data-e-action-hash=\"#elementor-action%3Aaction%3Dlightbox%26settings%3DeyJpZCI6MTIyOSwidXJsIjoiaHR0cHM6XC9cL3JhYWJ0cmFuc3BvcnQuc2VcL3dwLWNvbnRlbnRcL3VwbG9hZHNcLzIwMjFcLzA1XC9tYjIuanBnIiwic2xpZGVzaG93IjoiMTdkMzY3MyJ9\" href='https:\/\/raabtransport.se\/wp-content\/uploads\/2021\/05\/mb2.jpg'><img fetchpriority=\"high\" width=\"300\" height=\"300\" src=\"https:\/\/raabtransport.se\/wp-content\/uploads\/2021\/05\/mb2-300x300.jpg\" class=\"attachment-medium size-medium\" alt=\"\" decoding=\"async\" srcset=\"https:\/\/raabtransport.se\/wp-content\/uploads\/2021\/05\/mb2-300x300.jpg 300w, https:\/\/raabtransport.se\/wp-content\/uploads\/2021\/05\/mb2-150x150.jpg 150w\" sizes=\"(max-width: 300px) 100vw, 300px\" \/><\/a>\n\t\t\t<\/div><\/figure><figure class='gallery-item'>\n\t\t\t<div class='gallery-icon landscape'>\n\t\t\t\t<a data-elementor-open-lightbox=\"yes\" data-elementor-lightbox-slideshow=\"17d3673\" data-elementor-lightbox-title=\"mb5\" data-e-action-hash=\"#elementor-action%3Aaction%3Dlightbox%26settings%3DeyJpZCI6MTIyNiwidXJsIjoiaHR0cHM6XC9cL3JhYWJ0cmFuc3BvcnQuc2VcL3dwLWNvbnRlbnRcL3VwbG9hZHNcLzIwMjFcLzA1XC9tYjUuanBnIiwic2xpZGVzaG93IjoiMTdkMzY3MyJ9\" href='https:\/\/raabtransport.se\/wp-content\/uploads\/2021\/05\/mb5.jpg'><img width=\"300\" height=\"300\" src=\"https:\/\/raabtransport.se\/wp-content\/uploads\/2021\/05\/mb5-300x300.jpg\" class=\"attachment-medium size-medium\" alt=\"\" decoding=\"async\" srcset=\"https:\/\/raabtransport.se\/wp-content\/uploads\/2021\/05\/mb5-300x300.jpg 300w, https:\/\/raabtransport.se\/wp-content\/uploads\/2021\/05\/mb5-150x150.jpg 150w\" sizes=\"(max-width: 300px) 100vw, 300px\" \/><\/a>\n\t\t\t<\/div><\/figure><figure class='gallery-item'>\n\t\t\t<div class='gallery-icon landscape'>\n\t\t\t\t<a data-elementor-open-lightbox=\"yes\" data-elementor-lightbox-slideshow=\"17d3673\" data-elementor-lightbox-title=\"mb1\" data-e-action-hash=\"#elementor-action%3Aaction%3Dlightbox%26settings%3DeyJpZCI6MTIzMCwidXJsIjoiaHR0cHM6XC9cL3JhYWJ0cmFuc3BvcnQuc2VcL3dwLWNvbnRlbnRcL3VwbG9hZHNcLzIwMjFcLzA1XC9tYjEuanBnIiwic2xpZGVzaG93IjoiMTdkMzY3MyJ9\" href='https:\/\/raabtransport.se\/wp-content\/uploads\/2021\/05\/mb1.jpg'><img width=\"300\" height=\"300\" src=\"https:\/\/raabtransport.se\/wp-content\/uploads\/2021\/05\/mb1-300x300.jpg\" class=\"attachment-medium size-medium\" alt=\"\" decoding=\"async\" srcset=\"https:\/\/raabtransport.se\/wp-content\/uploads\/2021\/05\/mb1-300x300.jpg 300w, https:\/\/raabtransport.se\/wp-content\/uploads\/2021\/05\/mb1-150x150.jpg 150w\" sizes=\"(max-width: 300px) 100vw, 300px\" \/><\/a>\n\t\t\t<\/div><\/figure><figure class='gallery-item'>\n\t\t\t<div class='gallery-icon landscape'>\n\t\t\t\t<a data-elementor-open-lightbox=\"yes\" data-elementor-lightbox-slideshow=\"17d3673\" data-elementor-lightbox-title=\"mb3\" data-e-action-hash=\"#elementor-action%3Aaction%3Dlightbox%26settings%3DeyJpZCI6MTIyOCwidXJsIjoiaHR0cHM6XC9cL3JhYWJ0cmFuc3BvcnQuc2VcL3dwLWNvbnRlbnRcL3VwbG9hZHNcLzIwMjFcLzA1XC9tYjMuanBnIiwic2xpZGVzaG93IjoiMTdkMzY3MyJ9\" href='https:\/\/raabtransport.se\/wp-content\/uploads\/2021\/05\/mb3.jpg'><img loading=\"lazy\" width=\"300\" height=\"300\" src=\"https:\/\/raabtransport.se\/wp-content\/uploads\/2021\/05\/mb3-300x300.jpg\" class=\"attachment-medium size-medium\" alt=\"\" decoding=\"async\" srcset=\"https:\/\/raabtransport.se\/wp-content\/uploads\/2021\/05\/mb3-300x300.jpg 300w, https:\/\/raabtransport.se\/wp-content\/uploads\/2021\/05\/mb3-150x150.jpg 150w\" sizes=\"(max-width: 300px) 100vw, 300px\" \/><\/a>\n\t\t\t<\/div><\/figure>\n\t\t<\/div>\n\t\t<\/div>\n\t\t\t\t\t\t<\/div>\n\t\t\t\t<\/div>\n\t\t\t\t\t<\/div>\n\t\t<\/div>\n\t\t\t\t\t<\/div>\n\t\t<\/section>\n\t\t\t\t<\/div>\n\t\t","protected":false},"excerpt":{"rendered":"<p>Tevor ZP30 10-12 Tons chassi med Tevor ZP 30 Svensk standardbyggnation Flak: Flaket galvat ca 6150\u00d72400, har avskurna h\u00f6rn och djup spoilerficka samt rostfriakasskydd, samt 2 rullar i bakkant, hydrauliskt avskjutbart Galvad hj\u00e4lpram och tippram med Glidskenor. Med utbytbara kantlinor, Aluminiumprofiler p\u00e5 flakkant som skydd. Flaket \u00e4r utrustat med 3 st h\u00e5l i bakkant f\u00f6r [&hellip;]<\/p>\n","protected":false},"author":1,"featured_media":0,"parent":0,"menu_order":0,"comment_status":"closed","ping_status":"closed","template":"","meta":{"_seopress_robots_primary_cat":"","_seopress_titles_title":"","_seopress_titles_desc":"","_seopress_robots_index":"","_monsterinsights_skip_tracking":false,"_monsterinsights_sitenote_active":false,"_monsterinsights_sitenote_note":"","_monsterinsights_sitenote_category":0,"footnotes":""},"amp_enabled":true,"_links":{"self":[{"href":"https:\/\/raabtransport.se\/index.php?rest_route=\/wp\/v2\/pages\/1223"}],"collection":[{"href":"https:\/\/raabtransport.se\/index.php?rest_route=\/wp\/v2\/pages"}],"about":[{"href":"https:\/\/raabtransport.se\/index.php?rest_route=\/wp\/v2\/types\/page"}],"author":[{"embeddable":true,"href":"https:\/\/raabtransport.se\/index.php?rest_route=\/wp\/v2\/users\/1"}],"replies":[{"embeddable":true,"href":"https:\/\/raabtransport.se\/index.php?rest_route=%2Fwp%2Fv2%2Fcomments&post=1223"}],"version-history":[{"count":30,"href":"https:\/\/raabtransport.se\/index.php?rest_route=\/wp\/v2\/pages\/1223\/revisions"}],"predecessor-version":[{"id":1814,"href":"https:\/\/raabtransport.se\/index.php?rest_route=\/wp\/v2\/pages\/1223\/revisions\/1814"}],"wp:attachment":[{"href":"https:\/\/raabtransport.se\/index.php?rest_route=%2Fwp%2Fv2%2Fmedia&parent=1223"}],"curies":[{"name":"wp","href":"https:\/\/api.w.org\/{rel}","templated":true}]}}