{"id":288,"date":"2020-02-12T14:10:47","date_gmt":"2020-02-12T13:10:47","guid":{"rendered":"https:\/\/raabtransport.se\/?page_id=288"},"modified":"2023-03-20T14:10:46","modified_gmt":"2023-03-20T13:10:46","slug":"iveco-zp30","status":"publish","type":"page","link":"https:\/\/raabtransport.se\/?page_id=288","title":{"rendered":"Iveco ZP30"},"content":{"rendered":"\t\t<div data-elementor-type=\"wp-page\" data-elementor-id=\"288\" class=\"elementor elementor-288\">\n\t\t\t\t\t\t<section class=\"elementor-section elementor-top-section elementor-element elementor-element-df41cbc elementor-section-stretched elementor-section-boxed elementor-section-height-default elementor-section-height-default\" data-id=\"df41cbc\" data-element_type=\"section\" data-settings=\"{&quot;stretch_section&quot;:&quot;section-stretched&quot;}\">\n\t\t\t\t\t\t<div class=\"elementor-container elementor-column-gap-default\">\n\t\t\t\t\t<div class=\"elementor-column elementor-col-100 elementor-top-column elementor-element elementor-element-4263263\" data-id=\"4263263\" data-element_type=\"column\">\n\t\t\t<div class=\"elementor-widget-wrap elementor-element-populated\">\n\t\t\t\t\t\t<div class=\"elementor-element elementor-element-11a5c31 elementor-widget elementor-widget-text-editor\" data-id=\"11a5c31\" data-element_type=\"widget\" data-widget_type=\"text-editor.default\">\n\t\t\t\t<div class=\"elementor-widget-container\">\n\t\t\t\t\t\t\t\t\t<p><span style=\"font-size: 16.0016px;\">ZP 30 Med Iveco Daily 72 C 180 Hk Euro 6 Motor.<\/span><\/p><p>Luft bak, Man v\u00e4xell\u00e5da, Ac, Fart h\u00e5llare, El speglar el-hissar, fj\u00e4rrstyrt centrall\u00e5s, startsp\u00e4rr CD-Radio dubbels\u00e4te, gummimattor, Airbag p\u00e5 f\u00f6rarsidan. Radiohylla, diffsp\u00e4rr, ASR.<\/p><p>Webasto v\u00e4rmare m.m<\/p><p>Bilen p\u00e5 bilden \u00e4r extra utrustad.<\/p><p><strong>ZP 30 Svensk standardbyggnation<\/strong><\/p><p><strong>\u00a0<\/strong><\/p><p><strong>Flak:<\/strong><\/p><p>Flaket galvat 5800&#215;2350, Lastvinkel 6-7grader Flaket har avskurna h\u00f6rn samt rostfria kasskydd, samt 2 hjul i bakkant, hydrauliskt avskjutbart Galvad hj\u00e4lpram och tippram.<\/p><p>Ny modell p\u00e5 montering av tippcylindrar mer st\u00e5ende.<\/p><p>Med utbytbara kantlinor, Aluminiumprofiler p\u00e5 flakkant som skydd.<\/p><p>Flaket \u00e4r utrustat med 3 st h\u00e5l i bakkant f\u00f6r brytrulle samt 2 stycken p\u00e5 mitten.<\/p><p>H\u00f6g targa med delvis t\u00e4ckt framstam i rostfritt, bakljus, blinkers samt bromsljus monterade i targab\u00e5gen.<\/p><p>Pl\u00e5ten i framstamen \u00e4r lackerad i byggnationsf\u00e4rgen.<\/p><p>Targan har handtag p\u00e5 b\u00e5da sidor, samt krokar p\u00e5 b\u00e5da insidorna.<\/p><p>50mm kula monterad p\u00e5 hydraulisk vinsch slid.<\/p><p>Flaket \u00e4r utrustat med semiflytl\u00e4ge (full funktion p\u00e5 ut \/ner, men man f\u00e5r hj\u00e4lpa till p\u00e5 In \/ ner funktionen<\/p><p>Targan \u00e4r utrustad med extra krokar.<\/p><p><strong>Bom:<\/strong><\/p><p>Galvad lyftbom med v\u00e4ndbar grill Ca:1800 Kg.<\/p><p>St\u00f6dben sitter i dubbelverkande lyftbom.<\/p><p>Dragkrok 50 mm.<\/p><p><strong>Sk\u00e5p:<\/strong><\/p><p>Byggnationen \u00e4r utrustad med 5 verktygsl\u00e5dor 2 p\u00e5 varje sida varav ett man\u00f6versk\u00e5p monterad h\u00f6gersida bak.<\/p><p>Samt en l\u00e5da \u00e4r monterad underflaket med locket upp\u00e5t p\u00e5 v\u00e4nstersida. (s\u00e4kerhetsl\u00e5da 1st i Plast) 4st synliga i plast.<\/p><p><strong>Sidor:<\/strong><\/p><p>Aluminiumsidor mellan hytten och bakre hjulet.<\/p><p>Sidorna byggda i aluminiumprofil med t\u00e4ckpl\u00e5t.<\/p><p>Sidorna \u00e4r s\u00e5 h\u00f6ga som m\u00f6jligt.<\/p><p><strong>Vinschar: <\/strong><\/p><p>Ramvinsch, 3,5 ton Ramsey med luftfrisl\u00e4pp 30m 10mm vajer.<\/p><p>Flakvinsch, 3,5 ton Ramsey Monterad p\u00e5 hydraulisk slide f\u00f6r sidof\u00f6rskjutning 30m\/10mm vajer.<\/p><p>P\u00e5 sliden sitter det en 50mm dragkula.<\/p><p><strong>Belysning:<\/strong><\/p><p>Ljusramp med 4 rotellor 1500mm.<\/p><p>Arbetsljus 4 st LED monterade p\u00e5 framstam.<\/p><p>Backljus 2st LED monterade bak underflak.<\/p><p>Sido pos LED ljus.<\/p><p><strong>Hydraulik:<\/strong><\/p><p>Brevini \/ Walwe hydraulik.<\/p><p>Hydrauliska skottgenomf\u00f6ringar i man\u00f6versk\u00e5p.<\/p><p>N\u00f6dstopp.<\/p><p><strong>Radiostyrning:<\/strong><\/p><p>14 kanals teleradio fj\u00e4rrstyrning vinsch 1 &amp; 2 ut\/in, slide v\u00e4nster\/h\u00f6ger, flak upp\/ner, flak ut\/in, bom upp\/ner, ut\/in. (Radion \u00e4r \u00e4ven utrustad med 2 hastighets system p\u00e5 alla funktioner via varvtals justering)<\/p><p><strong>Lackering<\/strong>:<\/p><p>Byggnation Lackerad i samma Ral som bilen.<\/p><p>Hela byggnationen \u00e4r klarlackad.<\/p><p>Lackeringen med garanti i Polen.<\/p><p><strong>Lastvikt:<\/strong><\/p><p>Standard byggnation f\u00e5s en lastvikt om ca 2100 kg.<\/p><p><strong>\u00a0<\/strong><\/p><p><strong>\u00a0<\/strong><\/p><p><strong>\u00d6vrigt:\u00a0 <\/strong><\/p><p>Liten 220 volts kompressor f\u00f6r p\u00e5 fyllning av hjul.<\/p><p>Slangvinda med 12 meter slang.<\/p><p>Skyffel och borste.<\/p><p>12 volts startkablar med inkoppling i fr\u00e4mre st\u00f6tf\u00e5ngare.<\/p><p>Hjulstoppar 2 st 6 st sp\u00e4nnband med sp\u00e4nnare.<\/p><p>Fotsteg 2 st f\u00f6r l\u00e4ttare in klivning i hytten.<\/p><p><strong>\u00a0<\/strong><\/p><p><u>Bilen \u00e4r extra utrustad med:<\/u><\/p><p>Dunkh\u00e5llare underflaket.<\/p><p>Elektriskt avst\u00e4ngningsbart flytl\u00e4ge.<\/p><p>LED ljusramp p\u00e5 targan.<\/p><p>Jokon liknande lampor 6 st monterade i targan.<\/p><p>Jokon liknande lampor 6 st monterade i bakre underk\u00f6rningsskyddet.<\/p><p>9 st LED lysstavar\u00a0 monterade bakkant targan.<\/p><p>Lackerad kof\u00e5ngare backspeglar L\u00e5dd\u00f6rrar.<\/p><p>Strober 6st.<\/p><p>Rostfria l\u00e5dor 4 st.<\/p><p>F\u00f6rdragen el till extraljus i fronten.<\/p><p>R\u00c5AB Transport AB<\/p><p>Jens Eriksson<\/p><p>\u00a0<\/p><p>Vi tackar f\u00f6r visat intresse och ser fram emot Er order.<\/p><p><a href=\"https:\/\/tevor.pl\/pl\/nasze-realizacje.html?jlcontentfieldsfilter%5B1%5D=iveco&amp;jlcontentfieldsfilter%5B3%5D=smart-zp30-c1&amp;jlcontentfieldsfilter%5B4%5D=&amp;jlcontentfieldsfilter%5Bis_filter%5D=1\">F\u00f6r mer information KLICKA H\u00c4R<\/a><\/p>\t\t\t\t\t\t\t\t<\/div>\n\t\t\t\t<\/div>\n\t\t\t\t<div class=\"elementor-element elementor-element-bde82ef elementor-widget elementor-widget-image-gallery\" data-id=\"bde82ef\" data-element_type=\"widget\" data-widget_type=\"image-gallery.default\">\n\t\t\t\t<div class=\"elementor-widget-container\">\n\t\t\t\t\t\t\t<div class=\"elementor-image-gallery\">\n\t\t\t<div id='gallery-1' class='gallery galleryid-288 gallery-columns-6 gallery-size-post-thumbnail'><figure class='gallery-item'>\n\t\t\t<div class='gallery-icon landscape'>\n\t\t\t\t<a data-elementor-open-lightbox=\"yes\" data-elementor-lightbox-slideshow=\"bde82ef\" data-e-action-hash=\"#elementor-action%3Aaction%3Dlightbox%26settings%3DeyJpZCI6OTQ0LCJ1cmwiOiJodHRwczpcL1wvcmFhYnRyYW5zcG9ydC5zZVwvd3AtY29udGVudFwvdXBsb2Fkc1wvMjAyMVwvMDFcL0lNR185MTI0LTEuanBnIiwic2xpZGVzaG93IjoiYmRlODJlZiJ9\" href='https:\/\/raabtransport.se\/wp-content\/uploads\/2021\/01\/IMG_9124-1.jpg'><img fetchpriority=\"high\" width=\"280\" height=\"180\" src=\"https:\/\/raabtransport.se\/wp-content\/uploads\/2021\/01\/IMG_9124-1-280x180.jpg\" class=\"attachment-post-thumbnail size-post-thumbnail\" alt=\"\" decoding=\"async\" \/><\/a>\n\t\t\t<\/div><\/figure><figure class='gallery-item'>\n\t\t\t<div class='gallery-icon landscape'>\n\t\t\t\t<a data-elementor-open-lightbox=\"yes\" data-elementor-lightbox-slideshow=\"bde82ef\" data-e-action-hash=\"#elementor-action%3Aaction%3Dlightbox%26settings%3DeyJpZCI6OTQ1LCJ1cmwiOiJodHRwczpcL1wvcmFhYnRyYW5zcG9ydC5zZVwvd3AtY29udGVudFwvdXBsb2Fkc1wvMjAyMVwvMDFcL0lNR185MTIzLTEuanBnIiwic2xpZGVzaG93IjoiYmRlODJlZiJ9\" href='https:\/\/raabtransport.se\/wp-content\/uploads\/2021\/01\/IMG_9123-1.jpg'><img width=\"280\" height=\"180\" src=\"https:\/\/raabtransport.se\/wp-content\/uploads\/2021\/01\/IMG_9123-1-280x180.jpg\" class=\"attachment-post-thumbnail size-post-thumbnail\" alt=\"\" decoding=\"async\" \/><\/a>\n\t\t\t<\/div><\/figure><figure class='gallery-item'>\n\t\t\t<div class='gallery-icon landscape'>\n\t\t\t\t<a data-elementor-open-lightbox=\"yes\" data-elementor-lightbox-slideshow=\"bde82ef\" data-e-action-hash=\"#elementor-action%3Aaction%3Dlightbox%26settings%3DeyJpZCI6MTAzMCwidXJsIjoiaHR0cHM6XC9cL3JhYWJ0cmFuc3BvcnQuc2VcL3dwLWNvbnRlbnRcL3VwbG9hZHNcLzIwMjFcLzAxXC9pbWFnZTAxMy5wbmciLCJzbGlkZXNob3ciOiJiZGU4MmVmIn0%3D\" data-elementor-lightbox-title=\"image013\" href='https:\/\/raabtransport.se\/wp-content\/uploads\/2021\/01\/image013.png'><img width=\"280\" height=\"180\" src=\"https:\/\/raabtransport.se\/wp-content\/uploads\/2021\/01\/image013-280x180.png\" class=\"attachment-post-thumbnail size-post-thumbnail\" alt=\"\" decoding=\"async\" \/><\/a>\n\t\t\t<\/div><\/figure><figure class='gallery-item'>\n\t\t\t<div class='gallery-icon landscape'>\n\t\t\t\t<a data-elementor-open-lightbox=\"yes\" data-elementor-lightbox-slideshow=\"bde82ef\" data-e-action-hash=\"#elementor-action%3Aaction%3Dlightbox%26settings%3DeyJpZCI6MTAzMSwidXJsIjoiaHR0cHM6XC9cL3JhYWJ0cmFuc3BvcnQuc2VcL3dwLWNvbnRlbnRcL3VwbG9hZHNcLzIwMjFcLzAxXC9pbWFnZTAxNC5wbmciLCJzbGlkZXNob3ciOiJiZGU4MmVmIn0%3D\" data-elementor-lightbox-title=\"image014\" href='https:\/\/raabtransport.se\/wp-content\/uploads\/2021\/01\/image014.png'><img loading=\"lazy\" width=\"280\" height=\"180\" src=\"https:\/\/raabtransport.se\/wp-content\/uploads\/2021\/01\/image014-280x180.png\" class=\"attachment-post-thumbnail size-post-thumbnail\" alt=\"\" decoding=\"async\" \/><\/a>\n\t\t\t<\/div><\/figure><figure class='gallery-item'>\n\t\t\t<div class='gallery-icon landscape'>\n\t\t\t\t<a data-elementor-open-lightbox=\"yes\" data-elementor-lightbox-slideshow=\"bde82ef\" data-e-action-hash=\"#elementor-action%3Aaction%3Dlightbox%26settings%3DeyJpZCI6MTAzMiwidXJsIjoiaHR0cHM6XC9cL3JhYWJ0cmFuc3BvcnQuc2VcL3dwLWNvbnRlbnRcL3VwbG9hZHNcLzIwMjFcLzAxXC9pbWFnZTAxMi5wbmciLCJzbGlkZXNob3ciOiJiZGU4MmVmIn0%3D\" data-elementor-lightbox-title=\"image012\" href='https:\/\/raabtransport.se\/wp-content\/uploads\/2021\/01\/image012.png'><img loading=\"lazy\" width=\"280\" height=\"180\" src=\"https:\/\/raabtransport.se\/wp-content\/uploads\/2021\/01\/image012-280x180.png\" class=\"attachment-post-thumbnail size-post-thumbnail\" alt=\"\" decoding=\"async\" \/><\/a>\n\t\t\t<\/div><\/figure><figure class='gallery-item'>\n\t\t\t<div class='gallery-icon landscape'>\n\t\t\t\t<a data-elementor-open-lightbox=\"yes\" data-elementor-lightbox-slideshow=\"bde82ef\" data-e-action-hash=\"#elementor-action%3Aaction%3Dlightbox%26settings%3DeyJpZCI6MTAzMywidXJsIjoiaHR0cHM6XC9cL3JhYWJ0cmFuc3BvcnQuc2VcL3dwLWNvbnRlbnRcL3VwbG9hZHNcLzIwMjFcLzAxXC9pbWFnZTAxNi5wbmciLCJzbGlkZXNob3ciOiJiZGU4MmVmIn0%3D\" data-elementor-lightbox-title=\"image016\" href='https:\/\/raabtransport.se\/wp-content\/uploads\/2021\/01\/image016.png'><img loading=\"lazy\" width=\"280\" height=\"180\" src=\"https:\/\/raabtransport.se\/wp-content\/uploads\/2021\/01\/image016-280x180.png\" class=\"attachment-post-thumbnail size-post-thumbnail\" alt=\"\" decoding=\"async\" \/><\/a>\n\t\t\t<\/div><\/figure><figure class='gallery-item'>\n\t\t\t<div class='gallery-icon landscape'>\n\t\t\t\t<a data-elementor-open-lightbox=\"yes\" data-elementor-lightbox-slideshow=\"bde82ef\" data-e-action-hash=\"#elementor-action%3Aaction%3Dlightbox%26settings%3DeyJpZCI6MTAzNCwidXJsIjoiaHR0cHM6XC9cL3JhYWJ0cmFuc3BvcnQuc2VcL3dwLWNvbnRlbnRcL3VwbG9hZHNcLzIwMjFcLzAxXC9pbWFnZTAxNS5wbmciLCJzbGlkZXNob3ciOiJiZGU4MmVmIn0%3D\" data-elementor-lightbox-title=\"image015\" href='https:\/\/raabtransport.se\/wp-content\/uploads\/2021\/01\/image015.png'><img loading=\"lazy\" width=\"280\" height=\"180\" src=\"https:\/\/raabtransport.se\/wp-content\/uploads\/2021\/01\/image015-280x180.png\" class=\"attachment-post-thumbnail size-post-thumbnail\" alt=\"\" decoding=\"async\" \/><\/a>\n\t\t\t<\/div><\/figure><figure class='gallery-item'>\n\t\t\t<div class='gallery-icon landscape'>\n\t\t\t\t<a data-elementor-open-lightbox=\"yes\" data-elementor-lightbox-slideshow=\"bde82ef\" data-e-action-hash=\"#elementor-action%3Aaction%3Dlightbox%26settings%3DeyJpZCI6MTAzNSwidXJsIjoiaHR0cHM6XC9cL3JhYWJ0cmFuc3BvcnQuc2VcL3dwLWNvbnRlbnRcL3VwbG9hZHNcLzIwMjFcLzAxXC9pbWFnZTAwNy5wbmciLCJzbGlkZXNob3ciOiJiZGU4MmVmIn0%3D\" data-elementor-lightbox-title=\"image007\" href='https:\/\/raabtransport.se\/wp-content\/uploads\/2021\/01\/image007.png'><img loading=\"lazy\" width=\"280\" height=\"180\" src=\"https:\/\/raabtransport.se\/wp-content\/uploads\/2021\/01\/image007-280x180.png\" class=\"attachment-post-thumbnail size-post-thumbnail\" alt=\"\" decoding=\"async\" \/><\/a>\n\t\t\t<\/div><\/figure><figure class='gallery-item'>\n\t\t\t<div class='gallery-icon landscape'>\n\t\t\t\t<a data-elementor-open-lightbox=\"yes\" data-elementor-lightbox-slideshow=\"bde82ef\" data-e-action-hash=\"#elementor-action%3Aaction%3Dlightbox%26settings%3DeyJpZCI6MTAzNiwidXJsIjoiaHR0cHM6XC9cL3JhYWJ0cmFuc3BvcnQuc2VcL3dwLWNvbnRlbnRcL3VwbG9hZHNcLzIwMjFcLzAxXC9pbWFnZTAwNi5wbmciLCJzbGlkZXNob3ciOiJiZGU4MmVmIn0%3D\" data-elementor-lightbox-title=\"image006\" href='https:\/\/raabtransport.se\/wp-content\/uploads\/2021\/01\/image006.png'><img loading=\"lazy\" width=\"280\" height=\"180\" src=\"https:\/\/raabtransport.se\/wp-content\/uploads\/2021\/01\/image006-280x180.png\" class=\"attachment-post-thumbnail size-post-thumbnail\" alt=\"\" decoding=\"async\" \/><\/a>\n\t\t\t<\/div><\/figure>\n\t\t<\/div>\n\t\t<\/div>\n\t\t\t\t\t\t<\/div>\n\t\t\t\t<\/div>\n\t\t\t\t\t<\/div>\n\t\t<\/div>\n\t\t\t\t\t<\/div>\n\t\t<\/section>\n\t\t\t\t<\/div>\n\t\t","protected":false},"excerpt":{"rendered":"<p>ZP 30 Med Iveco Daily 72 C 180 Hk Euro 6 Motor. Luft bak, Man v\u00e4xell\u00e5da, Ac, Fart h\u00e5llare, El speglar el-hissar, fj\u00e4rrstyrt centrall\u00e5s, startsp\u00e4rr CD-Radio dubbels\u00e4te, gummimattor, Airbag p\u00e5 f\u00f6rarsidan. Radiohylla, diffsp\u00e4rr, ASR. Webasto v\u00e4rmare m.m Bilen p\u00e5 bilden \u00e4r extra utrustad. ZP 30 Svensk standardbyggnation \u00a0 Flak: Flaket galvat 5800&#215;2350, Lastvinkel 6-7grader Flaket [&hellip;]<\/p>\n","protected":false},"author":1,"featured_media":0,"parent":0,"menu_order":0,"comment_status":"closed","ping_status":"closed","template":"","meta":{"_seopress_robots_primary_cat":"","_seopress_titles_title":"","_seopress_titles_desc":"","_seopress_robots_index":"","_monsterinsights_skip_tracking":false,"_monsterinsights_sitenote_active":false,"_monsterinsights_sitenote_note":"","_monsterinsights_sitenote_category":0,"footnotes":""},"amp_enabled":true,"_links":{"self":[{"href":"https:\/\/raabtransport.se\/index.php?rest_route=\/wp\/v2\/pages\/288"}],"collection":[{"href":"https:\/\/raabtransport.se\/index.php?rest_route=\/wp\/v2\/pages"}],"about":[{"href":"https:\/\/raabtransport.se\/index.php?rest_route=\/wp\/v2\/types\/page"}],"author":[{"embeddable":true,"href":"https:\/\/raabtransport.se\/index.php?rest_route=\/wp\/v2\/users\/1"}],"replies":[{"embeddable":true,"href":"https:\/\/raabtransport.se\/index.php?rest_route=%2Fwp%2Fv2%2Fcomments&post=288"}],"version-history":[{"count":46,"href":"https:\/\/raabtransport.se\/index.php?rest_route=\/wp\/v2\/pages\/288\/revisions"}],"predecessor-version":[{"id":1767,"href":"https:\/\/raabtransport.se\/index.php?rest_route=\/wp\/v2\/pages\/288\/revisions\/1767"}],"wp:attachment":[{"href":"https:\/\/raabtransport.se\/index.php?rest_route=%2Fwp%2Fv2%2Fmedia&parent=288"}],"curies":[{"name":"wp","href":"https:\/\/api.w.org\/{rel}","templated":true}]}}