{"id":344,"date":"2020-02-13T11:26:46","date_gmt":"2020-02-13T10:26:46","guid":{"rendered":"https:\/\/raabtransport.se\/?page_id=344"},"modified":"2025-02-25T11:40:42","modified_gmt":"2025-02-25T10:40:42","slug":"om-oss","status":"publish","type":"page","link":"https:\/\/raabtransport.se\/?page_id=344","title":{"rendered":"Om Oss"},"content":{"rendered":"\t\t<div data-elementor-type=\"wp-page\" data-elementor-id=\"344\" class=\"elementor elementor-344\">\n\t\t\t\t\t\t<section class=\"elementor-section elementor-top-section elementor-element elementor-element-1003dee elementor-section-boxed elementor-section-height-default elementor-section-height-default\" data-id=\"1003dee\" data-element_type=\"section\">\n\t\t\t\t\t\t<div class=\"elementor-container elementor-column-gap-default\">\n\t\t\t\t\t<div class=\"elementor-column elementor-col-100 elementor-top-column elementor-element elementor-element-cc5f02d\" data-id=\"cc5f02d\" data-element_type=\"column\">\n\t\t\t<div class=\"elementor-widget-wrap elementor-element-populated\">\n\t\t\t\t\t\t<div class=\"elementor-element elementor-element-2aa2860 elementor-shape-circle elementor-grid-0 e-grid-align-center elementor-widget elementor-widget-social-icons\" data-id=\"2aa2860\" data-element_type=\"widget\" data-widget_type=\"social-icons.default\">\n\t\t\t\t<div class=\"elementor-widget-container\">\n\t\t\t\t\t\t\t<div class=\"elementor-social-icons-wrapper elementor-grid\">\n\t\t\t\t\t\t\t<span class=\"elementor-grid-item\">\n\t\t\t\t\t<a class=\"elementor-icon elementor-social-icon elementor-social-icon-facebook elementor-repeater-item-9288364\" href=\"https:\/\/www.facebook.com\/RaabTransport\" target=\"_blank\">\n\t\t\t\t\t\t<span class=\"elementor-screen-only\">Facebook<\/span>\n\t\t\t\t\t\t<i class=\"fab fa-facebook\"><\/i>\t\t\t\t\t<\/a>\n\t\t\t\t<\/span>\n\t\t\t\t\t<\/div>\n\t\t\t\t\t\t<\/div>\n\t\t\t\t<\/div>\n\t\t\t\t<div class=\"elementor-element elementor-element-7a0bd76 elementor-widget elementor-widget-heading\" data-id=\"7a0bd76\" data-element_type=\"widget\" data-widget_type=\"heading.default\">\n\t\t\t\t<div class=\"elementor-widget-container\">\n\t\t\t\t\t<h2 class=\"elementor-heading-title elementor-size-default\">OM OSS<\/h2>\t\t\t\t<\/div>\n\t\t\t\t<\/div>\n\t\t\t\t<section class=\"elementor-section elementor-inner-section elementor-element elementor-element-18dfec9 elementor-section-boxed elementor-section-height-default elementor-section-height-default\" data-id=\"18dfec9\" data-element_type=\"section\">\n\t\t\t\t\t\t<div class=\"elementor-container elementor-column-gap-default\">\n\t\t\t\t\t<div class=\"elementor-column elementor-col-50 elementor-inner-column elementor-element elementor-element-096dc8d\" data-id=\"096dc8d\" data-element_type=\"column\">\n\t\t\t<div class=\"elementor-widget-wrap elementor-element-populated\">\n\t\t\t\t\t\t<div class=\"elementor-element elementor-element-b298654 elementor-widget elementor-widget-text-editor\" data-id=\"b298654\" data-element_type=\"widget\" data-widget_type=\"text-editor.default\">\n\t\t\t\t<div class=\"elementor-widget-container\">\n\t\t\t\t\t\t\t\t\t<h4><strong>Bakgrundspresentation av R\u00c5AB Transport AB.<\/strong><\/h4>\n<h4>\u201dRagnar och \u00c5ke ett k\u00e4nt begrepp i b\u00e4rgarbranschen d\u00e5 dom var aktiva\u201d Namnet R\u00c5AB st\u00e5r f\u00f6r Ragnar och \u00c5ke AB<\/h4>\n<p>\u00c5ke b\u00f6rjade med att k\u00f6ra b\u00e4rgare i Haninge s\u00f6der om Stockholm redan 1969.<br>Ragnar b\u00f6rjade i samma bransch och hade \u00e4ven kranbilar, bil och maskintransporter i Kalmar 1976 slutade med b\u00e4rgning 2007.<br>Vi har s\u00e5lt b\u00e4rgningsbilar och transportbilar sedan b\u00f6rjan av 2004<\/p>\n<p>R\u00c5AB v\u00e4xte.<br>2011 ut\u00f6kat vi med en person Jens Eriksson f\u00f6r att ge b\u00e4ttre service p\u00e5 v\u00e5ra efterfr\u00e5gade produkter.<br>Jens Eriksson hade under 10 \u00e5r arbetat med f\u00f6rs\u00e4ljning och ink\u00f6p i \u00d6steuropa innan , <br>\u00c5ke s\u00e5lde sin del i R\u00c5AB Transport AB till Jens Eriksson och nu en av \u00e4garna i R\u00e5ab Transport AB.<\/p>\n<p>Idag \u00e4r R\u00c5AB Transport AB endast ett f\u00f6rs\u00e4ljningsbolag och \u00e4gnar sig enbart av f\u00f6rs\u00e4ljning av b\u00e4rgningbyggen, specialtrailers och biltransportbilar.<br>Vi \u00e4r \u00e5terf\u00f6rs\u00e4ljare f\u00f6r De Groot B\u00e4rgningsbyggen (Holland), Pavelli SpecialTrailers (Italien), Tevor B\u00e4rgningsbyggen (Polen),Tijhof Autotransporter (Holland) och Omars (Italien)&nbsp;<\/p>\n<p><\/p>\t\t\t\t\t\t\t\t<\/div>\n\t\t\t\t<\/div>\n\t\t\t\t\t<\/div>\n\t\t<\/div>\n\t\t\t\t<div class=\"elementor-column elementor-col-50 elementor-inner-column elementor-element elementor-element-ef31e6a\" data-id=\"ef31e6a\" data-element_type=\"column\">\n\t\t\t<div class=\"elementor-widget-wrap elementor-element-populated\">\n\t\t\t\t\t\t\t<\/div>\n\t\t<\/div>\n\t\t\t\t\t<\/div>\n\t\t<\/section>\n\t\t\t\t<div class=\"elementor-element elementor-element-01a5127 elementor-widget-divider--view-line elementor-widget elementor-widget-divider\" data-id=\"01a5127\" data-element_type=\"widget\" data-widget_type=\"divider.default\">\n\t\t\t\t<div class=\"elementor-widget-container\">\n\t\t\t\t\t\t\t<div class=\"elementor-divider\">\n\t\t\t<span class=\"elementor-divider-separator\">\n\t\t\t\t\t\t<\/span>\n\t\t<\/div>\n\t\t\t\t\t\t<\/div>\n\t\t\t\t<\/div>\n\t\t\t\t\t<\/div>\n\t\t<\/div>\n\t\t\t\t\t<\/div>\n\t\t<\/section>\n\t\t\t\t<\/div>\n\t\t","protected":false},"excerpt":{"rendered":"<p>Facebook OM OSS Bakgrundspresentation av R\u00c5AB Transport AB. \u201dRagnar och \u00c5ke ett k\u00e4nt begrepp i b\u00e4rgarbranschen d\u00e5 dom var aktiva\u201d Namnet R\u00c5AB st\u00e5r f\u00f6r Ragnar och \u00c5ke AB \u00c5ke b\u00f6rjade med att k\u00f6ra b\u00e4rgare i Haninge s\u00f6der om Stockholm redan 1969.Ragnar b\u00f6rjade i samma bransch och hade \u00e4ven kranbilar, bil och maskintransporter i Kalmar 1976 [&hellip;]<\/p>\n","protected":false},"author":1,"featured_media":0,"parent":0,"menu_order":0,"comment_status":"closed","ping_status":"closed","template":"","meta":{"_seopress_robots_primary_cat":"","_seopress_titles_title":"","_seopress_titles_desc":"","_seopress_robots_index":"","_monsterinsights_skip_tracking":false,"_monsterinsights_sitenote_active":false,"_monsterinsights_sitenote_note":"","_monsterinsights_sitenote_category":0,"footnotes":""},"amp_enabled":true,"_links":{"self":[{"href":"https:\/\/raabtransport.se\/index.php?rest_route=\/wp\/v2\/pages\/344"}],"collection":[{"href":"https:\/\/raabtransport.se\/index.php?rest_route=\/wp\/v2\/pages"}],"about":[{"href":"https:\/\/raabtransport.se\/index.php?rest_route=\/wp\/v2\/types\/page"}],"author":[{"embeddable":true,"href":"https:\/\/raabtransport.se\/index.php?rest_route=\/wp\/v2\/users\/1"}],"replies":[{"embeddable":true,"href":"https:\/\/raabtransport.se\/index.php?rest_route=%2Fwp%2Fv2%2Fcomments&post=344"}],"version-history":[{"count":21,"href":"https:\/\/raabtransport.se\/index.php?rest_route=\/wp\/v2\/pages\/344\/revisions"}],"predecessor-version":[{"id":1957,"href":"https:\/\/raabtransport.se\/index.php?rest_route=\/wp\/v2\/pages\/344\/revisions\/1957"}],"wp:attachment":[{"href":"https:\/\/raabtransport.se\/index.php?rest_route=%2Fwp%2Fv2%2Fmedia&parent=344"}],"curies":[{"name":"wp","href":"https:\/\/api.w.org\/{rel}","templated":true}]}}